{"id":223,"date":"2025-02-28T12:09:43","date_gmt":"2025-02-28T11:09:43","guid":{"rendered":"https:\/\/gabrielriquelme.com\/?page_id=223"},"modified":"2025-03-09T00:40:08","modified_gmt":"2025-03-08T23:40:08","slug":"qui-suis-je","status":"publish","type":"page","link":"https:\/\/gabrielriquelme.com\/index.php\/qui-suis-je\/","title":{"rendered":"Qui suis-je ?"},"content":{"rendered":"\t\t<div data-elementor-type=\"wp-page\" data-elementor-id=\"223\" class=\"elementor elementor-223\">\n\t\t\t\t<div class=\"elementor-element elementor-element-7760360 e-flex e-con-boxed e-con e-parent\" data-id=\"7760360\" data-element_type=\"container\" data-e-type=\"container\">\n\t\t\t\t\t<div class=\"e-con-inner\">\n\t\t\t\t<div class=\"elementor-element elementor-element-f333dca elementor-drop-cap-yes elementor-drop-cap-view-default elementor-widget elementor-widget-text-editor\" data-id=\"f333dca\" data-element_type=\"widget\" data-e-type=\"widget\" data-settings=\"{&quot;drop_cap&quot;:&quot;yes&quot;}\" data-widget_type=\"text-editor.default\">\n\t\t\t\t<div class=\"elementor-widget-container\">\n\t\t\t\t\t\t\t\t\t<p>Qui suis-je ?<\/p><p>Je suis Gabriel Riquelme, Tarologue-Th\u00e9rapeute \u00e0 Cintr\u00e9.<\/p><p>J&rsquo;ai d\u00e9velopp\u00e9 une approche unique et personnalis\u00e9e pour accompagner mes clients vers une meilleure compr\u00e9hension de leur vie et de leur avenir. J&rsquo;interpr\u00e8te le Tarot de Marseille selon la m\u00e9thode d&rsquo;Alejandro Jodorowsky et de Philippe Camoin. Mon approche est \u00e0 la fois consultative et psychologique, visant \u00e0 vous guider dans vos r\u00e9flexions et vos choix de vie.<\/p><p>Je propose diff\u00e9rentes s\u00e9ances de voyance et de coaching de vie pour r\u00e9pondre aux besoins et aux probl\u00e8mes de mes clients. Mes s\u00e9ances incluent des consultations de tarot, des s\u00e9ances de th\u00e9rapie par les cartes et des s\u00e9ances de coaching de vie pour vous aider \u00e0 surmonter les obstacles et \u00e0 atteindre vos objectifs.<\/p><p>Mes s\u00e9ances peuvent se d\u00e9rouler \u00e0 distance ou en t\u00e9l\u00e9consultation selon vos pr\u00e9f\u00e9rences. La dur\u00e9e d&rsquo;une s\u00e9ance varie en fonction de vos besoins et de la complexit\u00e9 de votre situation. Le prix de mes s\u00e9ances est fix\u00e9 en fonction de la dur\u00e9e et du type de s\u00e9ance choisie.<\/p><p>Mon approche est bas\u00e9e sur l&rsquo;utilisation du tarot et des cartes pour vous aider \u00e0 mieux comprendre votre vie et \u00e0 prendre les bonnes d\u00e9cisions. Je combine \u00e9galement des techniques de coaching de vie pour vous accompagner dans votre d\u00e9veloppement personnel et vous aider \u00e0 surmonter les obstacles qui se pr\u00e9sentent \u00e0 vous.<\/p><p>En travaillant avec moi, vous pouvez vous attendre \u00e0 une meilleure compr\u00e9hension de votre vie et de votre avenir, ainsi qu&rsquo;\u00e0 une plus grande confiance en vous et en vos capacit\u00e9s. Mes s\u00e9ances vous aideront \u00e0 prendre les bonnes d\u00e9cisions et \u00e0 surmonter les d\u00e9fis qui se pr\u00e9sentent \u00e0 vous pour atteindre vos objectifs et vivre une vie \u00e9panouissante.<\/p>\t\t\t\t\t\t\t\t<\/div>\n\t\t\t\t<\/div>\n\t\t\t\t\t<\/div>\n\t\t\t\t<\/div>\n\t\t\t\t<\/div>\n\t\t","protected":false},"excerpt":{"rendered":"<p>Qui suis-je ? Je suis Gabriel Riquelme, Tarologue-Th\u00e9rapeute \u00e0 Cintr\u00e9. J&rsquo;ai d\u00e9velopp\u00e9 une approche unique et personnalis\u00e9e pour accompagner mes clients vers une meilleure compr\u00e9hension de leur vie et de leur avenir. J&rsquo;interpr\u00e8te le Tarot de Marseille selon la m\u00e9thode d&rsquo;Alejandro Jodorowsky et de Philippe Camoin. Mon approche est \u00e0 la fois consultative et psychologique, [&hellip;]<\/p>\n","protected":false},"author":1,"featured_media":0,"parent":0,"menu_order":0,"comment_status":"closed","ping_status":"closed","template":"","meta":{"footnotes":""},"class_list":["post-223","page","type-page","status-publish","hentry"],"blocksy_meta":[],"_links":{"self":[{"href":"https:\/\/gabrielriquelme.com\/index.php\/wp-json\/wp\/v2\/pages\/223","targetHints":{"allow":["GET"]}}],"collection":[{"href":"https:\/\/gabrielriquelme.com\/index.php\/wp-json\/wp\/v2\/pages"}],"about":[{"href":"https:\/\/gabrielriquelme.com\/index.php\/wp-json\/wp\/v2\/types\/page"}],"author":[{"embeddable":true,"href":"https:\/\/gabrielriquelme.com\/index.php\/wp-json\/wp\/v2\/users\/1"}],"replies":[{"embeddable":true,"href":"https:\/\/gabrielriquelme.com\/index.php\/wp-json\/wp\/v2\/comments?post=223"}],"version-history":[{"count":10,"href":"https:\/\/gabrielriquelme.com\/index.php\/wp-json\/wp\/v2\/pages\/223\/revisions"}],"predecessor-version":[{"id":296,"href":"https:\/\/gabrielriquelme.com\/index.php\/wp-json\/wp\/v2\/pages\/223\/revisions\/296"}],"wp:attachment":[{"href":"https:\/\/gabrielriquelme.com\/index.php\/wp-json\/wp\/v2\/media?parent=223"}],"curies":[{"name":"wp","href":"https:\/\/api.w.org\/{rel}","templated":true}]}}